{"id":1207,"date":"2025-11-26T09:56:16","date_gmt":"2025-11-26T12:56:16","guid":{"rendered":"https:\/\/www.waikenilw.com\/?page_id=1207"},"modified":"2025-11-26T09:56:16","modified_gmt":"2025-11-26T12:56:16","slug":"seguros","status":"publish","type":"page","link":"https:\/\/www.waikenilw.com\/index.php\/seguros\/","title":{"rendered":"Seguros"},"content":{"rendered":"<section class=\"seguros-scope es-ar\" aria-labelledby=\"seguros-title\">\n  <div class=\"seguros-banner\" role=\"banner\" aria-label=\"Secci\u00f3n Seguros\">\n    <div class=\"container-fluid container-lg px-5\">\n      <div class=\"seguros-banner-title\">\n        <span class=\"seguros-badge\" aria-hidden=\"true\">\n          <img decoding=\"async\" src=\"\/wp-content\/uploads\/2025\/11\/seguros-padlock.png\" alt=\"Icono de transmisi\u00f3n\" width=\"40\" height=\"40\"\n            loading=\"lazy\">\n        <\/span>\n        <h2 id=\"seguros-title\" class=\"seguros-title\">Seguros<\/h2>\n      <\/div>\n    <\/div>\n  <\/div>\n\n  <div class=\"container-fluid container-lg p-0\" data-aos=\"fade-up\">\n    <article class=\"seguros-card\" aria-label=\"Plataformas DGO y SKY+\">\n      <div class=\"seguros-grid\">\n        <div class=\"seguros-col seguros-col--text\" style=\"padding-left: 2rem;\">\n          <div class=\"seguros-logos\" aria-label=\"Logos de marcas\">\n            <div class=\"seguros-logo-link\">\n              <img decoding=\"async\" src=\"\/wp-content\/uploads\/2025\/11\/seguros-experta-broker.png\" alt=\"Logo Experta Broker\" loading=\"lazy\"\n                width=\"140\">\n            <\/div>\n          <\/div>\n\n          <p class=\"seguros-text pt-4 text-center text-lg-start\">\n            <b>\n              Somos un Broker Regional de Seguros con presencia\n              en Brasil, Colombia, Chile, Per\u00fa, Uruguay y Ecuador. Operamos a\n              trav\u00e9s de una red local, ofreciendo soluciones de seguros\n              adaptadas a cada pa\u00eds.\n            <\/b>\n          <\/p>\n\n          <p class=\"seguros-text text-center text-lg-start\">\n            Nos especializamos en modelos B2B2C ofreciendo seguros simples y accesibles para cada persona, y B2B,\n            brindando servicios y coberturas a empresas.\n          <\/p>\n\n          <p class=\"seguros-text text-center text-lg-start\">\n            Nuestra trayectoria y gesti\u00f3n de riesgos propios nos otorgan una visi\u00f3n \u00fanica del negocio.\n          <\/p>\n\n          <p class=\"seguros-text text-center text-lg-start\">\n            Con m\u00e1s de 500,000 clientes activos en la regi\u00f3n, construimos relaciones de largo plazo y fomentamos\n            negocios de seguros sostenibles.\n          <\/p>\n        <\/div>\n\n        <div class=\"seguros-col seguros-col--media\">\n          <div class=\"seguros-devices-wrap\">\n            <img decoding=\"async\" class=\"seguros-devices\" src=\"\/wp-content\/uploads\/2025\/11\/seguros-argentina.png\" alt=\"Mapa de Argentina\"\n              loading=\"lazy\" height=\"526\">\n          <\/div>\n        <\/div>\n      <\/div>\n    <\/article>\n  <\/div>\n<\/section>","protected":false},"excerpt":{"rendered":"Seguros Somos un Broker Regional de Seguros con presencia en Brasil, Colombia, Chile, Per\u00fa, Uruguay y Ecuador. Operamos a trav\u00e9s de una red local, ofreciendo soluciones de seguros adaptadas a cada pa\u00eds. Nos especializamos en modelos B2B2C ofreciendo seguros simples y accesibles para cada persona, y B2B, brindando servicios y coberturas a empresas. Nuestra trayectoria [&hellip;]","protected":false},"author":1,"featured_media":0,"parent":0,"menu_order":0,"comment_status":"closed","ping_status":"closed","template":"","meta":{"footnotes":""},"class_list":["post-1207","page","type-page","status-publish","hentry"],"_links":{"self":[{"href":"https:\/\/www.waikenilw.com\/index.php\/wp-json\/wp\/v2\/pages\/1207","targetHints":{"allow":["GET"]}}],"collection":[{"href":"https:\/\/www.waikenilw.com\/index.php\/wp-json\/wp\/v2\/pages"}],"about":[{"href":"https:\/\/www.waikenilw.com\/index.php\/wp-json\/wp\/v2\/types\/page"}],"author":[{"embeddable":true,"href":"https:\/\/www.waikenilw.com\/index.php\/wp-json\/wp\/v2\/users\/1"}],"replies":[{"embeddable":true,"href":"https:\/\/www.waikenilw.com\/index.php\/wp-json\/wp\/v2\/comments?post=1207"}],"version-history":[{"count":1,"href":"https:\/\/www.waikenilw.com\/index.php\/wp-json\/wp\/v2\/pages\/1207\/revisions"}],"predecessor-version":[{"id":1208,"href":"https:\/\/www.waikenilw.com\/index.php\/wp-json\/wp\/v2\/pages\/1207\/revisions\/1208"}],"wp:attachment":[{"href":"https:\/\/www.waikenilw.com\/index.php\/wp-json\/wp\/v2\/media?parent=1207"}],"curies":[{"name":"wp","href":"https:\/\/api.w.org\/{rel}","templated":true}]}}