{"id":2,"date":"2025-10-27T15:33:02","date_gmt":"2025-10-27T15:33:02","guid":{"rendered":"http:\/\/waikenilw.com\/?page_id=2"},"modified":"2025-11-10T10:16:50","modified_gmt":"2025-11-10T13:16:50","slug":"sample-page","status":"publish","type":"page","link":"https:\/\/www.waikenilw.com\/","title":{"rendered":"Home"},"content":{"rendered":"<section class=\"home-background es-ar\">\n\t<video class=\"home-background-video\" autoplay muted playsinline loop preload=\"auto\" webkit-playsinline\n\t\tdisablepictureinpicture controlslist=\"nodownload noplaybackrate noremoteplayback\">\n\t\t<source src='https:\/\/www.waikenilw.com\/wp-content\/themes\/waiken-ilw\/assets\/images\/home\/animacion-home-d.webm' type=\"video\/webm\">Tu navegador no soporta el video.\n\t<\/video>\n<\/section>\n<section class=\"home-float-image\"\n\tstyle=\"background-image: url('\/wp-content\/uploads\/2025\/10\/clip-path-group-scaled-e1761928573634.webp')\"\n\tdata-aos=\"fade-up\">\n<\/section>\n<section class=\"home-carousel\" data-aos=\"fade-left\">\n\t<div id=\"homeCarousel\" class=\"carousel slide\" data-bs-ride=\"carousel\" data-bs-pause=\"false\">\n\t\t<div class=\"carousel-inner text-center\">\n\t\t\t<!-- Slide 1 - Imagen -->\n\t\t\t<div class=\"carousel-item active\">\n\t\t\t\t<div class=\"d-flex justify-content-center align-items-center\">\n\t\t\t\t\t<h1>Technomedia <br \/>L\u00edder en<br \/>\n\t\t\t\t\t\tAm\u00e9rica Latina<\/h1>\n\t\t\t\t<\/div>\n\t\t\t<\/div>\n\t\t\t<!-- Slide 2 - Solo texto -->\n\t\t\t<div class=\"carousel-item\">\n\t\t\t\t<div class=\"d-flex justify-content-center align-items-center\">\n\t\t\t\t\t<h1>+20 marcas y<br \/>\n\t\t\t\t\t\tse\u00f1ales propias\n\t\t\t\t\t<\/h1>\n\t\t\t\t<\/div>\n\t\t\t<\/div>\n\t\t\t<!-- Slide 3 - Solo texto -->\n\t\t\t<div class=\"carousel-item\">\n\t\t\t\t<div class=\"d-flex justify-content-center align-items-center\">\n\t\t\t\t\t<h1>Presencia en <br \/>\n\t\t\t\t\t\t11 Pa\u00edses\n\t\t\t\t\t<\/h1>\n\t\t\t\t<\/div>\n\t\t\t<\/div>\n\t\t\t<!-- Slide 4 - Solo texto -->\n\t\t\t<div class=\"carousel-item\">\n\t\t\t\t<div class=\"d-flex justify-content-center align-items-center\">\n\t\t\t\t\t<h1>TV Paga Satelital, Streaming OTT,<br \/>Conectividad\n\t\t\t\t\t<\/h1>\n\t\t\t\t<\/div>\n\t\t\t<\/div>\n\t\t\t<!-- Slide 5 - Solo texto -->\n\t\t\t<div class=\"carousel-item\">\n\t\t\t\t<div class=\"d-flex justify-content-center align-items-center\">\n\t\t\t\t\t<h1>Contenido, Producci\u00f3n <br \/>y Tecnolog\u00eda\n\t\t\t\t\t<\/h1>\n\t\t\t\t<\/div>\n\t\t\t<\/div>\n\t\t<\/div>\n\t<\/div>\n<\/section>","protected":false},"excerpt":{"rendered":"Tu navegador no soporta el video. Technomedia L\u00edder en Am\u00e9rica Latina +20 marcas y se\u00f1ales propias Presencia en 11 Pa\u00edses TV Paga Satelital, Streaming OTT,Conectividad Contenido, Producci\u00f3n y Tecnolog\u00eda","protected":false},"author":1,"featured_media":0,"parent":0,"menu_order":0,"comment_status":"closed","ping_status":"open","template":"page-home.php","meta":{"footnotes":""},"class_list":["post-2","page","type-page","status-publish","hentry"],"_links":{"self":[{"href":"https:\/\/www.waikenilw.com\/index.php\/wp-json\/wp\/v2\/pages\/2","targetHints":{"allow":["GET"]}}],"collection":[{"href":"https:\/\/www.waikenilw.com\/index.php\/wp-json\/wp\/v2\/pages"}],"about":[{"href":"https:\/\/www.waikenilw.com\/index.php\/wp-json\/wp\/v2\/types\/page"}],"author":[{"embeddable":true,"href":"https:\/\/www.waikenilw.com\/index.php\/wp-json\/wp\/v2\/users\/1"}],"replies":[{"embeddable":true,"href":"https:\/\/www.waikenilw.com\/index.php\/wp-json\/wp\/v2\/comments?post=2"}],"version-history":[{"count":44,"href":"https:\/\/www.waikenilw.com\/index.php\/wp-json\/wp\/v2\/pages\/2\/revisions"}],"predecessor-version":[{"id":1164,"href":"https:\/\/www.waikenilw.com\/index.php\/wp-json\/wp\/v2\/pages\/2\/revisions\/1164"}],"wp:attachment":[{"href":"https:\/\/www.waikenilw.com\/index.php\/wp-json\/wp\/v2\/media?parent=2"}],"curies":[{"name":"wp","href":"https:\/\/api.w.org\/{rel}","templated":true}]}}