{"id":793,"date":"2025-10-31T11:00:23","date_gmt":"2025-10-31T14:00:23","guid":{"rendered":"https:\/\/www.waikenilw.com\/?page_id=793"},"modified":"2025-11-10T14:14:46","modified_gmt":"2025-11-10T17:14:46","slug":"home-2","status":"publish","type":"page","link":"https:\/\/www.waikenilw.com\/index.php\/pt\/home-2\/","title":{"rendered":"Home"},"content":{"rendered":"<section class=\"home-background pt-br\">\n\t<video class=\"home-background-video\" autoplay muted playsinline loop preload=\"auto\" webkit-playsinline\n\t\tdisablepictureinpicture controlslist=\"nodownload noplaybackrate noremoteplayback\">\n\t\t<source src='https:\/\/www.waikenilw.com\/wp-content\/themes\/waiken-ilw\/assets\/images\/home\/animacion-home-d.webm' type=\"video\/webm\">O seu navegador n\u00e3o tem suporte para video.\n\t<\/video>\n<\/section>\n<section class=\"home-float-image\"\n\tstyle=\"background-image: url('\/wp-content\/uploads\/2025\/10\/clip-path-group-scaled-e1761928573634.webp')\"\n\tdata-aos=\"fade-up\">\n<\/section>\n<section class=\"home-carousel\" data-aos=\"fade-left\">\n\t<div id=\"homeCarousel\" class=\"carousel slide\" data-bs-ride=\"carousel\" data-bs-pause=\"false\">\n\t\t<div class=\"carousel-inner text-center\">\n\t\t\t<!-- Slide 1 - Imagen -->\n\t\t\t<div class=\"carousel-item active\">\n\t\t\t\t<div class=\"d-flex justify-content-center align-items-center\">\n\t\t\t\t\t<h1>Technomedia<br \/>l\u00edder na<br \/>\n\t\t\t\t\t\tAm\u00e9rica Latina<\/h1>\n\t\t\t\t<\/div>\n\t\t\t<\/div>\n\t\t\t<!-- Slide 2 - Solo texto -->\n\t\t\t<div class=\"carousel-item\">\n\t\t\t\t<div class=\"d-flex justify-content-center align-items-center\">\n\t\t\t\t\t<h1>+20 marcas e<br \/>\n\t\t\t\t\t\tcanais pr\u00f3prios\n\t\t\t\t\t<\/h1>\n\t\t\t\t<\/div>\n\t\t\t<\/div>\n\t\t\t<!-- Slide 3 - Solo texto -->\n\t\t\t<div class=\"carousel-item\">\n\t\t\t\t<div class=\"d-flex justify-content-center align-items-center\">\n\t\t\t\t\t<h1>Presen\u00e7a em <br \/>\n\t\t\t\t\t\t11 pa\u00edses\n\t\t\t\t\t<\/h1>\n\t\t\t\t<\/div>\n\t\t\t<\/div>\n\t\t\t<!-- Slide 4 - Solo texto -->\n\t\t\t<div class=\"carousel-item\">\n\t\t\t\t<div class=\"d-flex justify-content-center align-items-center\">\n\t\t\t\t\t<h1>TV por assinatura via sat\u00e9lite,<br \/>Streaming, Conectividade\n\t\t\t\t\t<\/h1>\n\t\t\t\t<\/div>\n\t\t\t<\/div>\n\t\t\t<!-- Slide 5 - Solo texto -->\n\t\t\t<div class=\"carousel-item\">\n\t\t\t\t<div class=\"d-flex justify-content-center align-items-center\">\n\t\t\t\t\t<h1>Conte\u00fados, Produ\u00e7\u00e3o<br \/>e Tecnologia\n\t\t\t\t\t<\/h1>\n\t\t\t\t<\/div>\n\t\t\t<\/div>\n\t\t<\/div>\n\t<\/div>\n<\/section>","protected":false},"excerpt":{"rendered":"O seu navegador n\u00e3o tem suporte para video. Technomedial\u00edder na Am\u00e9rica Latina +20 marcas e canais pr\u00f3prios Presen\u00e7a em 11 pa\u00edses TV por assinatura via sat\u00e9lite,Streaming, Conectividade Conte\u00fados, Produ\u00e7\u00e3oe Tecnologia","protected":false},"author":1,"featured_media":0,"parent":0,"menu_order":0,"comment_status":"closed","ping_status":"open","template":"page-home.php","meta":{"footnotes":""},"class_list":["post-793","page","type-page","status-publish","hentry"],"_links":{"self":[{"href":"https:\/\/www.waikenilw.com\/index.php\/wp-json\/wp\/v2\/pages\/793","targetHints":{"allow":["GET"]}}],"collection":[{"href":"https:\/\/www.waikenilw.com\/index.php\/wp-json\/wp\/v2\/pages"}],"about":[{"href":"https:\/\/www.waikenilw.com\/index.php\/wp-json\/wp\/v2\/types\/page"}],"author":[{"embeddable":true,"href":"https:\/\/www.waikenilw.com\/index.php\/wp-json\/wp\/v2\/users\/1"}],"replies":[{"embeddable":true,"href":"https:\/\/www.waikenilw.com\/index.php\/wp-json\/wp\/v2\/comments?post=793"}],"version-history":[{"count":13,"href":"https:\/\/www.waikenilw.com\/index.php\/wp-json\/wp\/v2\/pages\/793\/revisions"}],"predecessor-version":[{"id":1196,"href":"https:\/\/www.waikenilw.com\/index.php\/wp-json\/wp\/v2\/pages\/793\/revisions\/1196"}],"wp:attachment":[{"href":"https:\/\/www.waikenilw.com\/index.php\/wp-json\/wp\/v2\/media?parent=793"}],"curies":[{"name":"wp","href":"https:\/\/api.w.org\/{rel}","templated":true}]}}