{"id":921,"date":"2025-10-31T16:36:10","date_gmt":"2025-10-31T19:36:10","guid":{"rendered":"https:\/\/www.waikenilw.com\/?page_id=921"},"modified":"2025-11-10T15:49:44","modified_gmt":"2025-11-10T18:49:44","slug":"tv-por-assinatura-via-satelite","status":"publish","type":"page","link":"https:\/\/www.waikenilw.com\/index.php\/pt\/tv-por-assinatura-via-satelite\/","title":{"rendered":"TV por Assinatura Via Sat\u00e9lite"},"content":{"rendered":"<section class=\"tv-sat-scope pt-br\" aria-labelledby=\"tv-sat-title\">\n  <div class=\"tv-sat-banner-pt\" role=\"banner\" aria-label=\"TV por Assinatura Via Sat\u00e9lite\">\n    <div class=\"container-fluid container-lg px-5\">\n      <div class=\"tv-sat-banner-title\">\n        <span class=\"tv-sat-badge\" aria-hidden=\"true\">\n          <img loading=\"lazy\" decoding=\"async\" src=\"\/wp-content\/uploads\/2025\/10\/tv-paga-satelital-title-icon.svg\" alt=\"\u00cdcone do t\u00edtulo\" width=\"40\"\n            height=\"40\">\n        <\/span>\n        <h2 id=\"tv-sat-title\" class=\"tv-sat-title\">TV por Assinatura Via Sat\u00e9lite<\/h2>\n      <\/div>\n    <\/div>\n  <\/div>\n  <div class=\"container-fluid container-lg tv-sat-vrio-container\" data-aos=\"fade-dow\">\n    <div class=\"row\">\n      <div class=\"col-12 text-center\"><img decoding=\"async\" src=\"\/wp-content\/uploads\/2025\/10\/tv-paga-satelital-vrio.png\" alt=\"Vrio \u00edcone\">\n      <\/div>\n    <\/div>\n    <div class=\"row\">\n      <div class=\"col-12 text-center d-flex justify-content-center pt-3\">\n        <p class=\"tv-sat-vrio-description text-center\">A Vrio \u00e9 a principal fornecedora de entretenimento na Am\u00e9rica do\n          Sul e no Caribe. Por meio do sistema de TV por assinatura via sat\u00e9lite, proporciona a melhor qualidade de\n          imagem e som para toda a regi\u00e3o.<\/p>\n      <\/div>\n    <\/div>\n  <\/div>\n  <div class=\"tv-sat-card-container container-fluid container-lg\">\n    <div class=\"row\">\n      <div class=\"col-lg-6 px-md-0 p-0 px-lg-2\" data-aos=\"fade-up\">\n        <article class=\"tv-sat-card\" aria-label=\"DIRECTV &#038; SKY\">\n          <div class=\"row\">\n            <div class=\"col-12 tv-sat-card-logo\">\n              <a href=\"https:\/\/www.directvla.com\" target=\"_blank\">\n                <img decoding=\"async\" src=\"\/wp-content\/uploads\/2025\/10\/tv-paga-satelital-directv.svg\" alt=\"DIRECTV\">\n              <\/a>\n            <\/div>\n            <div class=\"col-12\">\n              <p class=\"tv-sat-card-description text-center\">\n                <b>Oferece a experi\u00eancia mais completa de entretenimento e informa\u00e7\u00f5es<\/b> na Argentina, Chile, Col\u00f4mbia, Equador, Peru, Uruguai e o Caribe.\n              <\/p>\n            <\/div>\n            <div class=\"col-12\">\n              <div id=\"homeCarousel\" class=\"carousel slide\" data-bs-ride=\"carousel\" data-bs-pause=\"false\">\n                <div class=\"carousel-inner\">\n                  <!-- Slide 1 - Imagen -->\n                  <div class=\"carousel-item active\">\n                    <div class=\"d-flex justify-content-center align-items-center\">\n                      <img decoding=\"async\" class=\"tv-sat-devices\"\n                        src=\"\/wp-content\/uploads\/2025\/10\/tv-paga-satelital-directv-slide-1.jpg\"\n                        alt=\"Conte\u00fado disponivel para TV, laptop, tablet y m\u00f3vil\">\n                    <\/div>\n                  <\/div>\n                  <!-- Slide 2 - Solo texto -->\n                  <div class=\"carousel-item\">\n                    <div class=\"d-flex justify-content-center align-items-center\">\n                      <img decoding=\"async\" class=\"tv-sat-devices\"\n                        src=\"\/wp-content\/uploads\/2025\/10\/tv-paga-satelital-directv-slide-2.jpg\"\n                        alt=\"Conte\u00fado disponivel para TV, laptop, tablet y m\u00f3vil\">\n                    <\/div>\n                  <\/div>\n                  <!-- Slide 3 - Solo texto -->\n                  <div class=\"carousel-item\">\n                    <div class=\"d-flex justify-content-center align-items-center\">\n                      <img decoding=\"async\" class=\"tv-sat-devices\"\n                        src=\"\/wp-content\/uploads\/2025\/10\/tv-paga-satelital-directv-slide-3.jpg\"\n                        alt=\"Conte\u00fado disponivel para TV, laptop, tablet y m\u00f3vil\">\n                    <\/div>\n                  <\/div>\n                <\/div>\n              <\/div>\n            <\/div>\n            <div class=\"col-12\">\n              <div class=\"tv-sat-links-outer\">\n                <div class=\"tv-sat-links-bar\" role=\"contentinfo\" aria-label=\"Sitios oficiais\">\n                  <img decoding=\"async\" src=\"\/wp-content\/uploads\/2025\/10\/streamingOTT-internet.png\" alt=\"\u00cdcone\" aria-hidden=\"true\">\n                  <div class=\"tv-sat-links-wrap\">\n                    <a class=\"tv-sat-link\" href=\"https:\/\/www.directvla.com\" target=\"_blank\" rel=\"noopener\"\n                      title=\"Abrir DIRECTV\">www.directvla.com<\/a>\n                  <\/div>\n                <\/div>\n              <\/div>\n            <\/div>\n          <\/div>\n        <\/article>\n      <\/div>\n      <div class=\"col-lg-6 px-md-0 p-0 px-lg-2\" data-aos=\"fade-up\">\n        <article class=\"tv-sat-card\" aria-label=\"Plataformas DIRECTV y SKY\">\n          <div class=\"row\">\n            <div class=\"col-12 tv-sat-card-logo\">\n              <a href=\"https:\/\/www.sky.com.br\" target=\"_blank\">\n                <img decoding=\"async\" src=\"\/wp-content\/uploads\/2025\/10\/tv-paga-satelital-sky.svg\" alt=\"SKY\">\n              <\/a>\n            <\/div>\n            <div class=\"col-12\">\n              <p class=\"tv-sat-card-description text-center\">\n                <b>Com uma ampla variedade e oferta de conte\u00fado,<\/b> \u00e9 a maior empresa de TV por assinatura via sat\u00e9lite do Brasil.\n              <\/p>\n            <\/div>\n            <div class=\"col-12\">\n              <div id=\"homeCarousel\" class=\"carousel slide\" data-bs-ride=\"carousel\" data-bs-pause=\"false\">\n                <div class=\"carousel-inner\">\n                  <!-- Slide 1 - Imagen -->\n                  <div class=\"carousel-item active\">\n                    <div class=\"d-flex justify-content-center align-items-center\">\n                      <img decoding=\"async\" class=\"tv-sat-devices\" src=\"\/wp-content\/uploads\/2025\/10\/tv-paga-satelital-sky-slide-1.jpg\"\n                        alt=\"Conte\u00fado disponivel para TV, laptop, tablet y m\u00f3vil\">\n                    <\/div>\n                  <\/div>\n                  <!-- Slide 2 - Solo texto -->\n                  <div class=\"carousel-item\">\n                    <div class=\"d-flex justify-content-center align-items-center\">\n                      <img decoding=\"async\" class=\"tv-sat-devices\" src=\"\/wp-content\/uploads\/2025\/10\/tv-paga-satelital-sky-slide-2.png\"\n                        alt=\"Conte\u00fado disponivel para TV, laptop, tablet y m\u00f3vil\">\n                    <\/div>\n                  <\/div>\n                  <!-- Slide 3 - Solo texto -->\n                  <!-- <div class=\"carousel-item\">\n                    <div class=\"d-flex justify-content-center align-items-center\">\n                      <img decoding=\"async\" class=\"tv-sat-devices\" src=\"\/wp-content\/uploads\/2025\/10\/tv-paga-satelital-sky-slide-3.png\"\n                        alt=\"Conte\u00fado disponivel para TV, laptop, tablet y m\u00f3vil\">\n                    <\/div>\n                  <\/div> -->\n                  <!-- Slide 4 - Solo texto -->\n                  <div class=\"carousel-item\">\n                    <div class=\"d-flex justify-content-center align-items-center\">\n                      <img decoding=\"async\" class=\"tv-sat-devices\" src=\"\/wp-content\/uploads\/2025\/10\/tv-paga-satelital-sky-slide-4.png\"\n                        alt=\"Conte\u00fado disponivel para TV, laptop, tablet y m\u00f3vil\">\n                    <\/div>\n                  <\/div>\n                <\/div>\n              <\/div>\n            <\/div>\n            <div class=\"col-12\">\n              <div class=\"tv-sat-links-outer\">\n                <div class=\"tv-sat-links-bar\" role=\"contentinfo\" aria-label=\"Links\">\n                  <img decoding=\"async\" src=\"\/wp-content\/uploads\/2025\/10\/streamingOTT-internet.png\" alt=\"\u00cdcone\" aria-hidden=\"true\">\n                  <div class=\"tv-sat-links-wrap\">\n                    <a class=\"tv-sat-link\" href=\"https:\/\/www.sky.com.br\" target=\"_blank\" rel=\"noopener\"\n                      title=\"Abrir SKY\">www.sky.com.br<\/a>\n                  <\/div>\n                <\/div>\n              <\/div>\n            <\/div>\n          <\/div>\n        <\/article>\n      <\/div>\n    <\/div>\n  <\/div>\n<\/section>","protected":false},"excerpt":{"rendered":"TV por Assinatura Via Sat\u00e9lite A Vrio \u00e9 a principal fornecedora de entretenimento na Am\u00e9rica do Sul e no Caribe. Por meio do sistema de TV por assinatura via sat\u00e9lite, proporciona a melhor qualidade de imagem e som para toda a regi\u00e3o. Oferece a experi\u00eancia mais completa de entretenimento e informa\u00e7\u00f5es na Argentina, Chile, Col\u00f4mbia, [&hellip;]","protected":false},"author":1,"featured_media":0,"parent":0,"menu_order":0,"comment_status":"closed","ping_status":"closed","template":"","meta":{"footnotes":""},"class_list":["post-921","page","type-page","status-publish","hentry"],"_links":{"self":[{"href":"https:\/\/www.waikenilw.com\/index.php\/wp-json\/wp\/v2\/pages\/921","targetHints":{"allow":["GET"]}}],"collection":[{"href":"https:\/\/www.waikenilw.com\/index.php\/wp-json\/wp\/v2\/pages"}],"about":[{"href":"https:\/\/www.waikenilw.com\/index.php\/wp-json\/wp\/v2\/types\/page"}],"author":[{"embeddable":true,"href":"https:\/\/www.waikenilw.com\/index.php\/wp-json\/wp\/v2\/users\/1"}],"replies":[{"embeddable":true,"href":"https:\/\/www.waikenilw.com\/index.php\/wp-json\/wp\/v2\/comments?post=921"}],"version-history":[{"count":4,"href":"https:\/\/www.waikenilw.com\/index.php\/wp-json\/wp\/v2\/pages\/921\/revisions"}],"predecessor-version":[{"id":1202,"href":"https:\/\/www.waikenilw.com\/index.php\/wp-json\/wp\/v2\/pages\/921\/revisions\/1202"}],"wp:attachment":[{"href":"https:\/\/www.waikenilw.com\/index.php\/wp-json\/wp\/v2\/media?parent=921"}],"curies":[{"name":"wp","href":"https:\/\/api.w.org\/{rel}","templated":true}]}}