{"id":923,"date":"2025-10-31T16:37:09","date_gmt":"2025-10-31T19:37:09","guid":{"rendered":"https:\/\/www.waikenilw.com\/?page_id=923"},"modified":"2025-11-10T15:54:19","modified_gmt":"2025-11-10T18:54:19","slug":"streaming-3","status":"publish","type":"page","link":"https:\/\/www.waikenilw.com\/index.php\/pt\/streaming-3\/","title":{"rendered":"Streaming"},"content":{"rendered":"<section class=\"ott-scope en-us\" aria-labelledby=\"ott-title\">\n  <div class=\"ott-banner\" role=\"banner\" aria-label=\"Streaming OTT\">\n    <div class=\"container-fluid container-lg px-5\">\n      <div class=\"ott-banner-title\">\n        <span class=\"ott-badge\" aria-hidden=\"true\">\n          <img decoding=\"async\" src=\"\/wp-content\/uploads\/2025\/10\/streamingOTT-play.png\" alt=\"\u00cdcone\" width=\"40\" height=\"40\"\n            loading=\"lazy\">\n        <\/span>\n        <h2 id=\"ott-title\" class=\"ott-title\">Streaming<\/h2>\n      <\/div>\n    <\/div>\n  <\/div>\n  <div class=\"container-fluid container-lg p-0\" data-aos=\"fade-up\">\n    <article class=\"ott-card\" aria-label=\"DGO &#038; SKY+\">\n      <div class=\"ott-grid\" style=\"padding: 32px 32px 32px;\">\n        <div class=\"ott-col ott-col--text\" style=\"padding-left: 2rem;\">\n          <div class=\"ott-logos\" aria-label=\"Marcas\">\n            <a href=\"https:\/\/www.directvgo.com\" target=\"_blank\" rel=\"noopener\" title=\"Link to DGO\"\n              class=\"ott-logo-link\">\n              <img decoding=\"async\" src=\"\/wp-content\/uploads\/2025\/10\/streamingOTT-DGO.png\" alt=\"DGO\" loading=\"lazy\" width=\"140\"\n                height=\"auto\">\n            <\/a>\n\n            <a href=\"https:\/\/www.skymais.com.br\/home\" target=\"_blank\" rel=\"noopener\" title=\"Link to SKY+\"\n              class=\"ott-logo-link\">\n              <img decoding=\"async\" src=\"\/wp-content\/uploads\/2025\/10\/streamingOTT-SKY.png\" alt=\"SKY+\" loading=\"lazy\" width=\"140\"\n                height=\"auto\">\n            <\/a>\n          <\/div>\n\n          <p class=\"ott-text pt-4 text-center text-lg-start\">\n            <b>Plataforma de streaming \u201cdireto ao consumidor\u201d.<\/b>\n          <\/p>\n\n          <p class=\"ott-text text-center text-lg-start\">\n            Combina o melhor da TV local e internacional ao vivo, programa\u00e7\u00e3o esportiva, not\u00edcias e o mundo on demand de\n            filmes, s\u00e9ries e document\u00e1rios.\n            A DGO est\u00e1 presente na Argentina, Chile, Col\u00f4mbia, Equador, Peru, Uruguai e M\u00e9xico, enquanto a SKY+ est\u00e1\n            presente no Brasil.&#8221;<\/p>\n\n        <\/div>\n        <div class=\"ott-col ott-col--media\">\n          <div class=\"ott-devices-wrap\">\n            <img decoding=\"async\" class=\"ott-devices\" src=\"\/wp-content\/uploads\/2025\/10\/streamingOTT-internet-1.png\"\n              alt=\"Conte\u00fado disponivel para TV, laptop, tablet y m\u00f3vil\" loading=\"lazy\">\n          <\/div>\n        <\/div>\n      <\/div>\n      <div class=\"ott-links-outer\">\n        <div class=\"ott-links-bar\" role=\"contentinfo\" aria-label=\"Links\">\n          <img decoding=\"async\" src=\"\/wp-content\/uploads\/2025\/10\/streamingOTT-internet.png\" alt=\"\u00cdcone\" aria-hidden=\"true\">\n          <div class=\"ott-links-wrap\">\n            <a class=\"ott-link\" href=\"www.directvgo.com\" target=\"_blank\" rel=\"noopener\"\n              title=\"Abrir DIRECTV GO\">www.directvgo.com<\/a>\n            <span class=\"ott-sep d-none d-lg-block\" aria-hidden=\"true\">|<\/span>\n            <a class=\"ott-link\" href=\"https:\/\/www.skymais.com.br\/home\" target=\"_blank\" rel=\"noopener\"\n              title=\"Abrir SKY+\">www.skymais.com.br<\/a>\n          <\/div>\n        <\/div>\n      <\/div>\n    <\/article>\n  <\/div>\n<\/section>","protected":false},"excerpt":{"rendered":"Streaming Plataforma de streaming \u201cdireto ao consumidor\u201d. Combina o melhor da TV local e internacional ao vivo, programa\u00e7\u00e3o esportiva, not\u00edcias e o mundo on demand de filmes, s\u00e9ries e document\u00e1rios. A DGO est\u00e1 presente na Argentina, Chile, Col\u00f4mbia, Equador, Peru, Uruguai e M\u00e9xico, enquanto a SKY+ est\u00e1 presente no Brasil.&#8221; www.directvgo.com | www.skymais.com.br","protected":false},"author":1,"featured_media":0,"parent":0,"menu_order":0,"comment_status":"closed","ping_status":"closed","template":"","meta":{"footnotes":""},"class_list":["post-923","page","type-page","status-publish","hentry"],"_links":{"self":[{"href":"https:\/\/www.waikenilw.com\/index.php\/wp-json\/wp\/v2\/pages\/923","targetHints":{"allow":["GET"]}}],"collection":[{"href":"https:\/\/www.waikenilw.com\/index.php\/wp-json\/wp\/v2\/pages"}],"about":[{"href":"https:\/\/www.waikenilw.com\/index.php\/wp-json\/wp\/v2\/types\/page"}],"author":[{"embeddable":true,"href":"https:\/\/www.waikenilw.com\/index.php\/wp-json\/wp\/v2\/users\/1"}],"replies":[{"embeddable":true,"href":"https:\/\/www.waikenilw.com\/index.php\/wp-json\/wp\/v2\/comments?post=923"}],"version-history":[{"count":10,"href":"https:\/\/www.waikenilw.com\/index.php\/wp-json\/wp\/v2\/pages\/923\/revisions"}],"predecessor-version":[{"id":1203,"href":"https:\/\/www.waikenilw.com\/index.php\/wp-json\/wp\/v2\/pages\/923\/revisions\/1203"}],"wp:attachment":[{"href":"https:\/\/www.waikenilw.com\/index.php\/wp-json\/wp\/v2\/media?parent=923"}],"curies":[{"name":"wp","href":"https:\/\/api.w.org\/{rel}","templated":true}]}}