{"id":926,"date":"2025-10-31T16:38:31","date_gmt":"2025-10-31T19:38:31","guid":{"rendered":"https:\/\/www.waikenilw.com\/?page_id=926"},"modified":"2025-11-03T16:45:58","modified_gmt":"2025-11-03T19:45:58","slug":"tecnologia-2","status":"publish","type":"page","link":"https:\/\/www.waikenilw.com\/index.php\/pt\/tecnologia-2\/","title":{"rendered":"Tecnologia"},"content":{"rendered":"<section class=\"tv-sat-scope pt-br\" aria-labelledby=\"tv-sat-title\">\n  <div class=\"tv-sat-banner\" role=\"banner\" aria-label=\"Tecnologia\">\n    <div class=\"container-fluid container-lg px-5\">\n      <div class=\"tv-sat-banner-title\">\n        <span class=\"tv-sat-badge\" aria-hidden=\"true\">\n          <img decoding=\"async\" src=\"\/wp-content\/uploads\/2025\/10\/tecnologia-title-icon.svg\" alt=\"\u00cdcone do t\u00edtulo\" width=\"40\" height=\"40\"\n            loading=\"lazy\">\n        <\/span>\n        <h2 id=\"tv-sat-title\" class=\"tv-sat-title\">Tecnologia<\/h2>\n      <\/div>\n    <\/div>\n  <\/div>\n  <div class=\"tv-sat-card-container container-fluid container-lg overlap-content\">\n    <div class=\"row\">\n      <div class=\"col-lg-6 px-md-0 p-0 px-lg-2\" data-aos=\"fade-up\">\n        <article class=\"tv-sat-card\" aria-label=\"OVERLABS\">\n          <div class=\"row\">\n            <div class=\"col-12 tv-sat-card-logo text-center\">\n              <a href=\"https:\/\/www.overlabs.com\" target=\"_blank\" rel=\"noopener\" title=\"Link to OVERLABS\"\n                class=\"tv-sat-logo-link d-inline-block\">\n                <img decoding=\"async\" src=\"\/wp-content\/uploads\/2025\/10\/tecnologia-overlabs.svg\" alt=\"OVERLABS\" loading=\"lazy\"\n                  class=\"tv-sat-logo-img\">\n              <\/a>\n            <\/div>\n\n            <div class=\"col-12\">\n              <p class=\"tv-sat-card-description text-center\">\n                A OVERLABS \u00e9 uma empresa especializada em consultoria, servi\u00e7os e desenvolvimento de software e\n                aplicativos de \u00faltima gera\u00e7\u00e3o no Brasil, que planeja expandir-se para a Am\u00e9rica Latina. Suas solu\u00e7\u00f5es\n                incluem consultoria externa e interna, adaptadas \u00e0s necessidades de cada cliente.\n                <br \/>\n                <br \/>\n                O foco dos servi\u00e7os \u00e9 reduzir os custos operacionais e garantir a liberdade de escolha de ferramentas e\n                fornecedores. Al\u00e9m disso, suas solu\u00e7\u00f5es de c\u00f3digo aberto permitem os clientes manterem controle total\n                sobre seus sistemas, sem ter que se preocupar com a disponibilidade de recursos adicionais.\n              <\/p>\n            <\/div>\n            <div class=\"col-12\">\n              <div id=\"homeCarousel\" class=\"carousel slide\" data-bs-ride=\"carousel\" data-bs-pause=\"false\">\n                <div class=\"carousel-inner\">\n                  <!-- Slide 1 - Imagen -->\n                  <div class=\"carousel-item active\">\n                    <div class=\"d-flex justify-content-center align-items-center\">\n                      <img decoding=\"async\" class=\"tv-sat-devices\" src=\"\/wp-content\/uploads\/2025\/10\/tecnologia-overlabs-1.jpg\"\n                        alt=\"Conte\u00fado disponivel para TV, laptop, tablet y m\u00f3vil\" loading=\"lazy\">\n                    <\/div>\n                  <\/div>\n                <\/div>\n              <\/div>\n            <\/div>\n            <div class=\"col-12\">\n              <div class=\"tv-sat-links-outer\">\n                <div class=\"tv-sat-links-bar\" role=\"contentinfo\" aria-label=\"Links\">\n                  <img decoding=\"async\" src=\"\/wp-content\/uploads\/2025\/10\/streamingOTT-internet.png\" alt=\"\u00cdcone\" aria-hidden=\"true\">\n                  <div class=\"tv-sat-links-wrap\">\n                    <a class=\"tv-sat-link\" href=\"https:\/\/www.overlabs.com\" target=\"_blank\" rel=\"noopener\"\n                      title=\"Abrir OVERLABS\">www.overlabs.com<\/a>\n                  <\/div>\n                <\/div>\n              <\/div>\n            <\/div>\n          <\/div>\n        <\/article>\n      <\/div>\n      <div class=\"col-lg-6 px-md-0 p-0 px-lg-2\" data-aos=\"fade-up\">\n        <article class=\"tv-sat-card\" aria-label=\"ILLUMIA\">\n          <div class=\"row\">\n            <div class=\"col-12 tv-sat-card-logo text-center\">\n              <a href=\"https:\/\/www.illumiagroup.ai\" target=\"_blank\" rel=\"noopener\" title=\"Abrir ILLUMIA\"\n                class=\"tv-sat-logo-link d-inline-block\">\n                <img decoding=\"async\" src=\"\/wp-content\/uploads\/2025\/10\/tecnologia-illumia.svg\" alt=\"ILLUMIA\" loading=\"lazy\"\n                  class=\"tv-sat-logo-img\">\n              <\/a>\n            <\/div>\n\n            <div class=\"col-12\">\n              <p class=\"tv-sat-card-description text-center\">\n                Nasceu como uma resposta \u00e0 disrup\u00e7\u00e3o gerada nos neg\u00f3cios, \u00e0 digitaliza\u00e7\u00e3o, \u00e0 intelig\u00eancia artificial\n                generativa e \u00e0s novas tecnologias em um contexto em que os clientes esperam maior personaliza\u00e7\u00e3o e\n                empatia de seus fornecedores de bens e servi\u00e7os.\n                <br \/>\n                <br \/>\n                Fornecemos servi\u00e7os de outsourcing transformacional orientados para processos de Customer Experience de\n                ponta a ponta com base no uso intensivo de solu\u00e7\u00f5es digitais e GenIA (Generative AI), combinando\n                tecnologias avan\u00e7adas que personalizem a experi\u00eancia do cliente e otimizem os custos da empresa.\n              <\/p>\n            <\/div>\n            <div class=\"col-12\">\n              <div id=\"homeCarousel\" class=\"carousel slide\" data-bs-ride=\"carousel\" data-bs-pause=\"false\">\n                <div class=\"carousel-inner\">\n                  <!-- Slide 1 - Imagen -->\n                  <div class=\"carousel-item active\">\n                    <div class=\"d-flex justify-content-center align-items-center\">\n                      <img decoding=\"async\" class=\"tv-sat-devices\" src=\"\/wp-content\/uploads\/2025\/10\/tecnologia-illumia-pt.png\"\n                        alt=\"Conte\u00fado disponivel para TV, laptop, tablet y m\u00f3vil\" loading=\"lazy\">\n                    <\/div>\n                  <\/div>\n                <\/div>\n              <\/div>\n            <\/div>\n            <div class=\"col-12\">\n              <div class=\"tv-sat-links-outer\">\n                <div class=\"tv-sat-links-bar\" role=\"contentinfo\" aria-label=\"Links\">\n                  <img decoding=\"async\" src=\"\/wp-content\/uploads\/2025\/10\/streamingOTT-internet.png\" alt=\"\u00cdcone\" aria-hidden=\"true\">\n                  <div class=\"tv-sat-links-wrap\">\n                    <a class=\"tv-sat-link\" href=\"https:\/\/www.illumiagroup.ai\" target=\"_blank\" rel=\"noopener\"\n                      title=\"Link to ILLUMIA\">www.illumiagroup.ai<\/a>\n                  <\/div>\n                <\/div>\n              <\/div>\n            <\/div>\n          <\/div>\n        <\/article>\n      <\/div>\n      <br \/>\n      <br \/>\n      <div class=\"col-12 px-md-0 p-0 px-lg-2\" data-aos=\"fade-up\">\n        <article class=\"tv-sat-card\" aria-label=\"SKX\">\n          <div class=\"row\">\n\n            <div class=\"col-lg-7 pb-0 pb-lg-1\">\n              <div class=\"row\">\n                <div class=\"col-12 tv-sat-card-logo\">\n                  <img decoding=\"async\" src=\"\/wp-content\/uploads\/2025\/10\/tecnologia-skx.svg\" alt=\"SKX\" loading=\"lazy\">\n                <\/div>\n                <div class=\"col-12\">\n                  <p class=\"tv-sat-card-description pb-3 pb-lg-0 text-center\"\n                    style=\"max-width: 100%; margin-left: 0; min-height: initial;\">\n                    A SKX \u00e9 uma fintech criada dentro do ecossistema da SKY para transformar a maneira como as empresas e os empreendedores gerenciam suas finan\u00e7as. Nascemos 100% digitais, oferecendo uma experi\u00eancia integrada de carteiras virtuais, pagamentos e solu\u00e7\u00f5es de capital de giro.\n                    <br \/>\n                    <br \/>\n                    Nosso foco principal s\u00e3o os parceiros da SKY, mas em breve estar\u00e1 dispon\u00edvel para outras PMEs no Brasil, que atualmente enfrentam dificuldades de acesso a cr\u00e9dito e servi\u00e7os essenciais.\n                    <br \/>\n                    <br \/>\n                    Gra\u00e7as ao hist\u00f3rico que constru\u00edmos com nossos parceiros, a SKX chega ao mercado com uma vantagem competitiva exclusiva, combinando seguran\u00e7a, acesso e conveni\u00eancia para apoiar as empresas em todos os est\u00e1gios do seu desenvolvimento.\n\n                  <\/p>\n                <\/div>\n              <\/div>\n            <\/div>\n            <div class=\"col-lg-5 pb-0 pt-lg-4\" style=\"align-self: center;\">\n              <div class=\"row\">\n\n                <div class=\"col-12\">\n                  <div id=\"homeCarousel\" class=\"carousel slide pt-0 pt-lg-5\" data-bs-ride=\"carousel\"\n                    data-bs-pause=\"false\">\n                    <div class=\"carousel-inner\">\n                      <!-- Slide 1 - Imagen -->\n                      <div class=\"carousel-item active\">\n                        <div class=\"d-flex justify-content-center align-items-center\">\n                          <img decoding=\"async\" class=\"tv-sat-devices\" src=\"\/wp-content\/uploads\/2025\/10\/tecnologia-skx.png\"\n                            alt=\"Conte\u00fado disponivel para TV, laptop, tablet y m\u00f3vil\" loading=\"lazy\">\n                        <\/div>\n                      <\/div>\n\n                    <\/div>\n                  <\/div>\n                <\/div>\n              <\/div>\n            <\/div>\n            <div class=\"col-12\">\n              <div class=\"tv-sat-links-outer invisible\">\n                <div class=\"tv-sat-links-bar\" role=\"contentinfo\" aria-label=\"Sitios oficiales\">\n                  <img decoding=\"async\" src=\"\/wp-content\/uploads\/2025\/10\/streamingOTT-internet.png\" alt=\"\u00cdcone\" aria-hidden=\"true\">\n                  <div class=\"tv-sat-links-wrap\">\n                    <a class=\"tv-sat-link\" href=\"#\" target=\"_blank\" rel=\"noopener\" title=\"\"><\/a>\n                  <\/div>\n                <\/div>\n              <\/div>\n            <\/div>\n          <\/div>\n        <\/article>\n      <\/div>\n    <\/div>\n  <\/div>\n<\/section>","protected":false},"excerpt":{"rendered":"Tecnologia A OVERLABS \u00e9 uma empresa especializada em consultoria, servi\u00e7os e desenvolvimento de software e aplicativos de \u00faltima gera\u00e7\u00e3o no Brasil, que planeja expandir-se para a Am\u00e9rica Latina. Suas solu\u00e7\u00f5es incluem consultoria externa e interna, adaptadas \u00e0s necessidades de cada cliente. O foco dos servi\u00e7os \u00e9 reduzir os custos operacionais e garantir a liberdade de [&hellip;]","protected":false},"author":1,"featured_media":0,"parent":0,"menu_order":0,"comment_status":"closed","ping_status":"closed","template":"","meta":{"footnotes":""},"class_list":["post-926","page","type-page","status-publish","hentry"],"_links":{"self":[{"href":"https:\/\/www.waikenilw.com\/index.php\/wp-json\/wp\/v2\/pages\/926","targetHints":{"allow":["GET"]}}],"collection":[{"href":"https:\/\/www.waikenilw.com\/index.php\/wp-json\/wp\/v2\/pages"}],"about":[{"href":"https:\/\/www.waikenilw.com\/index.php\/wp-json\/wp\/v2\/types\/page"}],"author":[{"embeddable":true,"href":"https:\/\/www.waikenilw.com\/index.php\/wp-json\/wp\/v2\/users\/1"}],"replies":[{"embeddable":true,"href":"https:\/\/www.waikenilw.com\/index.php\/wp-json\/wp\/v2\/comments?post=926"}],"version-history":[{"count":4,"href":"https:\/\/www.waikenilw.com\/index.php\/wp-json\/wp\/v2\/pages\/926\/revisions"}],"predecessor-version":[{"id":1156,"href":"https:\/\/www.waikenilw.com\/index.php\/wp-json\/wp\/v2\/pages\/926\/revisions\/1156"}],"wp:attachment":[{"href":"https:\/\/www.waikenilw.com\/index.php\/wp-json\/wp\/v2\/media?parent=926"}],"curies":[{"name":"wp","href":"https:\/\/api.w.org\/{rel}","templated":true}]}}